{"id":5118,"date":"2015-09-30T11:16:27","date_gmt":"2015-09-30T15:16:27","guid":{"rendered":"http:\/\/mariephilippe.ca\/?post_type=product&#038;p=5118"},"modified":"2015-09-30T11:16:27","modified_gmt":"2015-09-30T15:16:27","slug":"deja-passe","status":"publish","type":"product","link":"https:\/\/mariephilippe.ca\/?product=deja-passe","title":{"rendered":"D\u00e9j\u00e0 pass\u00e9"},"content":{"rendered":"","protected":false},"excerpt":{"rendered":"","protected":false},"featured_media":0,"comment_status":"open","ping_status":"closed","template":"","meta":{"ngg_post_thumbnail":0},"product_brand":[],"product_cat":[85],"product_tag":[],"class_list":{"0":"post-5118","1":"product","2":"type-product","3":"status-publish","5":"product_cat-non-classe","7":"first","8":"instock","9":"downloadable","10":"virtual","11":"purchasable","12":"product-type-simple"},"_links":{"self":[{"href":"https:\/\/mariephilippe.ca\/index.php?rest_route=\/wp\/v2\/product\/5118","targetHints":{"allow":["GET"]}}],"collection":[{"href":"https:\/\/mariephilippe.ca\/index.php?rest_route=\/wp\/v2\/product"}],"about":[{"href":"https:\/\/mariephilippe.ca\/index.php?rest_route=\/wp\/v2\/types\/product"}],"replies":[{"embeddable":true,"href":"https:\/\/mariephilippe.ca\/index.php?rest_route=%2Fwp%2Fv2%2Fcomments&post=5118"}],"wp:attachment":[{"href":"https:\/\/mariephilippe.ca\/index.php?rest_route=%2Fwp%2Fv2%2Fmedia&parent=5118"}],"wp:term":[{"taxonomy":"product_brand","embeddable":true,"href":"https:\/\/mariephilippe.ca\/index.php?rest_route=%2Fwp%2Fv2%2Fproduct_brand&post=5118"},{"taxonomy":"product_cat","embeddable":true,"href":"https:\/\/mariephilippe.ca\/index.php?rest_route=%2Fwp%2Fv2%2Fproduct_cat&post=5118"},{"taxonomy":"product_tag","embeddable":true,"href":"https:\/\/mariephilippe.ca\/index.php?rest_route=%2Fwp%2Fv2%2Fproduct_tag&post=5118"}],"curies":[{"name":"wp","href":"https:\/\/api.w.org\/{rel}","templated":true}]}}