{"id":5935,"date":"2023-03-07T12:38:54","date_gmt":"2023-03-07T16:38:54","guid":{"rendered":"http:\/\/mariephilippe.ca\/?page_id=5935"},"modified":"2023-03-07T12:43:48","modified_gmt":"2023-03-07T16:43:48","slug":"experience-equestre","status":"publish","type":"page","link":"https:\/\/mariephilippe.ca\/?page_id=5935","title":{"rendered":"Exp\u00e9rience \u00e9questre"},"content":{"rendered":"<p>\u00c0 12 ans je suis all\u00e9e dans un camp d&rsquo;\u00e9quitation <i>Liers riding school<\/i>. \u00c0 27 ans, j\u2019ai eu mon premier cheval A\u00efcha, qui m\u2019avait \u00e9t\u00e9 donn\u00e9e par Christianne Rolland, une des meilleures cavali\u00e8res que j\u2019ai connues.<\/p>\n<p>Plus tard, quelques cours de saut avec Sheryl Lanct\u00f4t. Puis des cours en concours complet (cross-country)&nbsp; avec Isabelle Landry, entra\u00eeneure \u00ab\u00a0Haute performance 1\u00a0\u00bb de 1984 \u00e0 2015, athel\u00e8te indentifi\u00e9e \u00ab\u00a0\u00c9lite\u00a0\u00bb avec le programme d\u2019excellence grouvernemental (seulement 4 athel\u00e8tes identifi\u00e9s au Qu\u00e9bec en concours complet). Elle est la fille de Yves Landry, champion Canadien en concours complet <a href=\"https:\/\/www.coupdoeil.info\/actualite\/documentaire-un-cavalier-un-reve-boucane-lhistoire-dyves-landry-et-de-son-cheval-mise-en-images\/\">champion Canadien en concours complet<\/a> et en dressage avec Luc Boivin, qui avait \u00e9t\u00e9 de la cavalerie de la gendarmerie Royale du Canada pendant plus de 20 ans.<\/p>\n<p>Pendant plusieurs ann\u00e9es. j\u2019ai aussi travaill\u00e9 \u00e0 d\u00e9bourrer et apaiser des chevaux en convalescence ou avec des probl\u00e8mes de comportement. Ce que je fais encore d&rsquo;ailleurs.<\/p>\n<p>De 2012 \u00e0 2016, j&rsquo;ai particip\u00e9 aux spectacles \u00e9questres <i>Caval\u2019art<\/i> \u00e0 St-Germain-de-Grantham comme compositeure, musicienne, interpr\u00e8te et cavali\u00e8re.<\/p>\n","protected":false},"excerpt":{"rendered":"<p>\u00c0 12 ans je suis all\u00e9e dans un camp d&rsquo;\u00e9quitation Liers riding school. \u00c0 27 ans, j\u2019ai eu mon premier cheval A\u00efcha, qui m\u2019avait \u00e9t\u00e9 donn\u00e9e par Christianne Rolland, une des meilleures cavali\u00e8res que j\u2019ai connues. Plus tard, quelques cours &hellip; <a href=\"https:\/\/mariephilippe.ca\/?page_id=5935\">Continuer la lecture <span class=\"meta-nav\">&rarr;<\/span><\/a><\/p>\n","protected":false},"author":2,"featured_media":0,"parent":12,"menu_order":0,"comment_status":"closed","ping_status":"closed","template":"","meta":{"ngg_post_thumbnail":0,"footnotes":""},"class_list":["post-5935","page","type-page","status-publish","hentry"],"_links":{"self":[{"href":"https:\/\/mariephilippe.ca\/index.php?rest_route=\/wp\/v2\/pages\/5935","targetHints":{"allow":["GET"]}}],"collection":[{"href":"https:\/\/mariephilippe.ca\/index.php?rest_route=\/wp\/v2\/pages"}],"about":[{"href":"https:\/\/mariephilippe.ca\/index.php?rest_route=\/wp\/v2\/types\/page"}],"author":[{"embeddable":true,"href":"https:\/\/mariephilippe.ca\/index.php?rest_route=\/wp\/v2\/users\/2"}],"replies":[{"embeddable":true,"href":"https:\/\/mariephilippe.ca\/index.php?rest_route=%2Fwp%2Fv2%2Fcomments&post=5935"}],"version-history":[{"count":4,"href":"https:\/\/mariephilippe.ca\/index.php?rest_route=\/wp\/v2\/pages\/5935\/revisions"}],"predecessor-version":[{"id":5940,"href":"https:\/\/mariephilippe.ca\/index.php?rest_route=\/wp\/v2\/pages\/5935\/revisions\/5940"}],"up":[{"embeddable":true,"href":"https:\/\/mariephilippe.ca\/index.php?rest_route=\/wp\/v2\/pages\/12"}],"wp:attachment":[{"href":"https:\/\/mariephilippe.ca\/index.php?rest_route=%2Fwp%2Fv2%2Fmedia&parent=5935"}],"curies":[{"name":"wp","href":"https:\/\/api.w.org\/{rel}","templated":true}]}}