{"id":5,"date":"2011-03-11T11:33:44","date_gmt":"2011-03-11T16:33:44","guid":{"rendered":"http:\/\/www.mariephilippe.ca\/wp\/?page_id=5"},"modified":"2022-08-08T22:40:58","modified_gmt":"2022-08-09T02:40:58","slug":"enseignement","status":"publish","type":"page","link":"https:\/\/mariephilippe.ca\/?page_id=5","title":{"rendered":"Chant"},"content":{"rendered":"<p>Quand j&rsquo;ai commenc\u00e9 \u00e0 chanter, ma voix \u00e9tait litt\u00e9ralement prisonni\u00e8re de mes blocages. On m\u2019entendait \u00e0 peine \u00e0 quelques m\u00e8tres. Je me souviens de mes premiers spectacles \u00e0 la <em>Chant&rsquo;ao\u00fbt<\/em>! Fallait tendre l&rsquo;oreille! J&rsquo;avais \u00e9tudi\u00e9 le chant \u00e0 l&rsquo;<em>\u00c9cole de Musique<\/em>, qui \u00e9tait l&rsquo;\u00e9quivalent du Cegep en musique aujourd&rsquo;hui, mais ce n&rsquo;est que plus tard, quand j&rsquo;ai rencontr\u00e9 Louis Spritzer, que j&rsquo;ai vraiment entrepris un travail sur ma voix. M. Spritzer enseignait \u00e0 l&rsquo;\u00e9poque \u00e0 l\u2019<em>\u00c9cole Nationale de Th\u00e9\u00e2tre<\/em> et au <em>Conservation d&rsquo;Art Dramatique de Montr\u00e9al<\/em>. Il donnait des cliniques \u00e0 Stratford et en Allemagne, et avait aussi enseign\u00e9 la guitare \u00e0 la <em>Facult\u00e9 de Musique de McGill<\/em>. Ses cours de chant \u00e9taient tr\u00e8s particuliers. Sa formation prenait ses sources dans la bio\u00e9nergie. Or, la bio\u00e9nergie \u00e9tant fond\u00e9e sur la gestion de l\u2019\u00e9nergie, le travail se faisait donc plut\u00f4t au niveau de la lib\u00e9ration des tensions.<br \/>\n&nbsp;<br \/>\nJ&rsquo;ai b\u00e9n\u00e9fici\u00e9 de son enseignement pendant plus de 4 ans. On ne chantait pas beaucoup dans ses cours. Ce n&rsquo;\u00e9tait pas exactement l&rsquo;endroit pour pratiquer des chansons, mais pour lib\u00e9rer l&rsquo;\u00e9nergie qui permet de faire vibrer le son de sa voix dans l\u2019ossature jusqu&rsquo;\u00e0 l&rsquo;\u00e2me. Cette approche favorise l\u2019acc\u00e8s \u00e0 toutes les fr\u00e9quences d\u2019une voix, de sa palette de couleurs, en plus de nous connecter aux vraies \u00e9motions et \u00e0 une libert\u00e9 d\u2019expression accrue et personnalis\u00e9e. C&rsquo;\u00e9tait surtout de prendre conscience de l&rsquo;effet de nos pens\u00e9es sur notre corps, puisque chaque pens\u00e9e agissant sur notre plexus solaire modifie toute l&rsquo;attitude de l&rsquo;\u00eatre. Une gestion de la pens\u00e9e pour faire en sorte que seule l&rsquo;\u00e9nergie n\u00e9cessaire soit d\u00e9ploy\u00e9e, car l&rsquo;\u00e9nergie inutile est une perte qui freine ou bloque l&rsquo;expression. Travailler avec une musculature ni molle ni tendue mais agr\u00e9able. Des exercices de souplesse, de l\u00e2cher-prise, pour les yeux, le plexus solaire, etc. Effectivement, c\u2019\u00e9tait tr\u00e8s particulier comme cours de chant. Quelle belle synchronicit\u00e9 que d&rsquo;avoir rencontr\u00e9 cet homme exceptionnel!<br \/>\n&nbsp;<br \/>\nDans mon enseignement, je ne pouvais pas appliquer sa m\u00e9thode (philosophie) de fa\u00e7on int\u00e9grale, parce que la motivation premi\u00e8re des \u00e9l\u00e8ves est de chanter des chansons, et c\u2019est tout-\u00e0-fait compr\u00e9hensible. C\u2019est comme de vouloir apprendre \u00e0 conduire pour se d\u00e9placer en toute libert\u00e9 et vouloir apprendre \u00e0 conduire dans le but de se rendre en formule 1, ce qui demande une connaissance de la m\u00e9canique pointue et de une gestion de l\u2019\u00e9nergie autant de la voiture que de soi-m\u00eame\u2026<br \/>\n&nbsp;<br \/>\nChanter professionnellement est tr\u00e8s exigeant et de plus en plus\u2026 Dans toutes les autres disciplines on peut toujours dire : &lsquo;aujourd\u2019hui je n\u2019\u00e9tais pas dans le meilleur de ma forme&rsquo;, mais pas en chant. Et consid\u00e9rant que la voix est directement connect\u00e9e \u00e0 nos \u00e9tats d\u2019\u00e2me, la barre est haute.<br \/>\n&nbsp;<br \/>\nMais y a rien de plus entier que ces moments de gr\u00e2ce quand la connexion se fait au-del\u00e0 de l\u2019\u00e9go et que la voix suit librement le fil des vibrations.<\/p>\n<p>&nbsp;<\/p>\n","protected":false},"excerpt":{"rendered":"<p>Quand j&rsquo;ai commenc\u00e9 \u00e0 chanter, ma voix \u00e9tait litt\u00e9ralement prisonni\u00e8re de mes blocages. On m\u2019entendait \u00e0 peine \u00e0 quelques m\u00e8tres. Je me souviens de mes premiers spectacles \u00e0 la Chant&rsquo;ao\u00fbt! Fallait tendre l&rsquo;oreille! J&rsquo;avais \u00e9tudi\u00e9 le chant \u00e0 l&rsquo;\u00c9cole de &hellip; <a href=\"https:\/\/mariephilippe.ca\/?page_id=5\">Continuer la lecture <span class=\"meta-nav\">&rarr;<\/span><\/a><\/p>\n","protected":false},"author":1,"featured_media":1243,"parent":0,"menu_order":0,"comment_status":"open","ping_status":"closed","template":"","meta":{"ngg_post_thumbnail":0,"footnotes":""},"class_list":["post-5","page","type-page","status-publish","has-post-thumbnail","hentry"],"_links":{"self":[{"href":"https:\/\/mariephilippe.ca\/index.php?rest_route=\/wp\/v2\/pages\/5","targetHints":{"allow":["GET"]}}],"collection":[{"href":"https:\/\/mariephilippe.ca\/index.php?rest_route=\/wp\/v2\/pages"}],"about":[{"href":"https:\/\/mariephilippe.ca\/index.php?rest_route=\/wp\/v2\/types\/page"}],"author":[{"embeddable":true,"href":"https:\/\/mariephilippe.ca\/index.php?rest_route=\/wp\/v2\/users\/1"}],"replies":[{"embeddable":true,"href":"https:\/\/mariephilippe.ca\/index.php?rest_route=%2Fwp%2Fv2%2Fcomments&post=5"}],"version-history":[{"count":71,"href":"https:\/\/mariephilippe.ca\/index.php?rest_route=\/wp\/v2\/pages\/5\/revisions"}],"predecessor-version":[{"id":5841,"href":"https:\/\/mariephilippe.ca\/index.php?rest_route=\/wp\/v2\/pages\/5\/revisions\/5841"}],"wp:featuredmedia":[{"embeddable":true,"href":"https:\/\/mariephilippe.ca\/index.php?rest_route=\/wp\/v2\/media\/1243"}],"wp:attachment":[{"href":"https:\/\/mariephilippe.ca\/index.php?rest_route=%2Fwp%2Fv2%2Fmedia&parent=5"}],"curies":[{"name":"wp","href":"https:\/\/api.w.org\/{rel}","templated":true}]}}