{"id":3,"date":"2011-03-11T11:33:05","date_gmt":"2011-03-11T16:33:05","guid":{"rendered":"http:\/\/www.mariephilippe.ca\/wp\/?page_id=3"},"modified":"2023-03-07T13:56:21","modified_gmt":"2023-03-07T17:56:21","slug":"arts-visuels","status":"publish","type":"page","link":"https:\/\/mariephilippe.ca\/?page_id=3","title":{"rendered":"Arts visuels"},"content":{"rendered":"<p>Quelqu&rsquo;un a compt\u00e9 chez moi plus de 80 repr\u00e9sentations de chevaux&#8230; au rez-de-chauss\u00e9e seulement! &nbsp;Il est donc normal que \u00e7a occupe l&rsquo;essentiel de ma peinture. Il y a des chevaux de diverses p\u00e9riodes, de feux rouges, de nuits bleues, de matins clairs ou brumeux. Ils courent ou paissent, insouciants ou guetteurs, forts et fragiles \u00e0 la fois.<\/p>\n<p>&nbsp;<\/p>\n<p>Celui-ci \u00e0 gauche est sp\u00e9cial pour moi. J&rsquo;avais failli le jeter. Jusqu&rsquo;\u00e0 ce que Richard mon beau-fr\u00e8re me dise que c&rsquo;\u00e9tait sa toile pr\u00e9f\u00e9r\u00e9e. Avec le temps elle l&rsquo;est devenue pour moi aussi, au point que je ne pourrais plus m&rsquo;en d\u00e9partir. Je crois que peindre &#8211; et en particulier peindre des chevaux &#8211; c&rsquo;est avant tout observer. Et je me rends compte \u00e0 force d&rsquo;en peindre que chevaux et humains se ressemblent : musculature, chevelure, attitudes, tout \u00e7a se croise (qu&rsquo;on pense \u00e0 la gestuelle de la danse espagnole, et m\u00eame au ballet classique). Ainsi, pour moi, peindre le cheval n&rsquo;est pas tr\u00e8s loin de peindre l&rsquo;humain.<br \/>\nLes toiles qui suivent sont une partie seulement de ce que j&rsquo;ai peint au cours des ans. Il y en existe beaucoup d&rsquo;autres, que je n&rsquo;ai plus sous la main mais qui trouveront peut-\u00eatre un jour le chemin vers cette page.<\/p>\n<p><strong>Chevaux de feu<\/strong><br \/>\nngg_shortcode_0_placeholder<\/p>\n<p><strong>Chevaux de nuit<\/strong><br \/>\nngg_shortcode_1_placeholder<\/p>\n<p><strong>Matins<\/strong><br \/>\nngg_shortcode_2_placeholder<\/p>\n<p><strong>Sc\u00e8nes panoramiques<\/strong><br \/>\nCes deux toiles sont en fait des croquis. Si elles sont rest\u00e9es dans cet \u00e9tat c&rsquo;est que je me suis trouv\u00e9e incapable d&rsquo;y ajouter quoi que ce soit. J&rsquo;ai fini par me dire que c&rsquo;\u00e9tait \u00e0 elles de d\u00e9cider.<br \/>\nngg_shortcode_3_placeholder<\/p>\n<p><strong>Les bateaux<\/strong><br \/>\nCes toiles m&rsquo;ont \u00e9t\u00e9 command\u00e9es par les <a href=\"http:\/\/croisieresaml.com\"><em>Croisi\u00e8res AML<\/em><\/a>. Elles ont \u00e9t\u00e9 r\u00e9alis\u00e9es \u00e0 partir de photos d&rsquo;archives en noir et blanc. D&rsquo;avoir \u00e0 recr\u00e9er la couleur a \u00e9t\u00e9 particuli\u00e8rement int\u00e9ressant, sp\u00e9cialement pour l&rsquo;eau et les ciels. Les 7 toiles qui suivent (des 4&prime; x 8&prime; et quelques 4&prime; x 4&prime;) ont \u00e9t\u00e9 peintes en 7 jours. Les 3 en colonne de droite (3&prime; x 6&prime;) ont n\u00e9cessit\u00e9 beaucoup plus de temps.<br \/>\nngg_shortcode_4_placeholder<\/p>\n<p><strong>Autres th\u00e8mes<\/strong><br \/>\nngg_shortcode_5_placeholder<\/p>\n<p><strong>Utilit\u00e9s<\/strong><br \/>\nngg_shortcode_6_placeholder<\/p>\n","protected":false},"excerpt":{"rendered":"<p>Quelqu&rsquo;un a compt\u00e9 chez moi plus de 80 repr\u00e9sentations de chevaux&#8230; au rez-de-chauss\u00e9e seulement! &nbsp;Il est donc normal que \u00e7a occupe l&rsquo;essentiel de ma peinture. Il y a des chevaux de diverses p\u00e9riodes, de feux rouges, de nuits bleues, de &hellip; <a href=\"https:\/\/mariephilippe.ca\/?page_id=3\">Continuer la lecture <span class=\"meta-nav\">&rarr;<\/span><\/a><\/p>\n","protected":false},"author":1,"featured_media":773,"parent":0,"menu_order":0,"comment_status":"open","ping_status":"closed","template":"","meta":{"ngg_post_thumbnail":0,"footnotes":""},"class_list":["post-3","page","type-page","status-publish","has-post-thumbnail","hentry"],"_links":{"self":[{"href":"https:\/\/mariephilippe.ca\/index.php?rest_route=\/wp\/v2\/pages\/3","targetHints":{"allow":["GET"]}}],"collection":[{"href":"https:\/\/mariephilippe.ca\/index.php?rest_route=\/wp\/v2\/pages"}],"about":[{"href":"https:\/\/mariephilippe.ca\/index.php?rest_route=\/wp\/v2\/types\/page"}],"author":[{"embeddable":true,"href":"https:\/\/mariephilippe.ca\/index.php?rest_route=\/wp\/v2\/users\/1"}],"replies":[{"embeddable":true,"href":"https:\/\/mariephilippe.ca\/index.php?rest_route=%2Fwp%2Fv2%2Fcomments&post=3"}],"version-history":[{"count":293,"href":"https:\/\/mariephilippe.ca\/index.php?rest_route=\/wp\/v2\/pages\/3\/revisions"}],"predecessor-version":[{"id":5950,"href":"https:\/\/mariephilippe.ca\/index.php?rest_route=\/wp\/v2\/pages\/3\/revisions\/5950"}],"wp:featuredmedia":[{"embeddable":true,"href":"https:\/\/mariephilippe.ca\/index.php?rest_route=\/wp\/v2\/media\/773"}],"wp:attachment":[{"href":"https:\/\/mariephilippe.ca\/index.php?rest_route=%2Fwp%2Fv2%2Fmedia&parent=3"}],"curies":[{"name":"wp","href":"https:\/\/api.w.org\/{rel}","templated":true}]}}