{"id":178,"date":"2011-03-02T15:35:41","date_gmt":"2011-03-02T15:35:41","guid":{"rendered":"http:\/\/mariephilippe.ca\/wp\/?page_id=178"},"modified":"2020-01-04T19:10:42","modified_gmt":"2020-01-04T23:10:42","slug":"marie-philippe-i","status":"publish","type":"page","link":"https:\/\/mariephilippe.ca\/?page_id=178","title":{"rendered":"Marie Philippe I (1987)"},"content":{"rendered":"<p><img loading=\"lazy\" decoding=\"async\" class=\"alignleft size-medium wp-image-847\" title=\"cover_1\" src=\"http:\/\/mariephilippe.ca\/wp\/wp-content\/uploads\/2011\/03\/cover_1-300x300.jpg\" alt=\"Marie Philippe 1\" width=\"300\" height=\"300\"\/><\/p>\n<p><strong><span style=\"line-height: 19px;\">Cr\u00e9dits<\/span><\/strong><br \/>\nChoeurs : Marie B\u00e9langer, Marie Philippe, Sharon Ryan<br \/>\nJean Pierre Bonin : synth\u00e9tiseurs, programmation dans <em>Pourquoi j&rsquo;ai fait \u00e7\u00e0<\/em> et choeurs dans <em>Terre<\/em><br \/>\nJeff Lorber : programmation, synth\u00e9tiseurs, guitare dans <em>Save my Life<\/em><br \/>\nMario L\u00e9gar\u00e9 : stickbass dans <em>Pourquoi j&rsquo;ai fait \u00e7\u00e0<\/em><br \/>\nRichard Perrotte: drums et percussions, voix dans <em>Terre<\/em><br \/>\nRobert Stanley : guitares<br \/>\nSharon Ryan : consultante vocale<\/p>\n<p><img loading=\"lazy\" decoding=\"async\" class=\"alignright size-medium wp-image-846\" title=\"back_1\" src=\"http:\/\/mariephilippe.ca\/wp\/wp-content\/uploads\/2011\/03\/back_1-300x237.jpg\" alt=\"\" width=\"300\" height=\"237\" srcset=\"https:\/\/mariephilippe.ca\/wp\/wp-content\/uploads\/2011\/03\/back_1-300x237.jpg 300w, https:\/\/mariephilippe.ca\/wp\/wp-content\/uploads\/2011\/03\/back_1-1024x810.jpg 1024w, https:\/\/mariephilippe.ca\/wp\/wp-content\/uploads\/2011\/03\/back_1.jpg 1784w\" sizes=\"auto, (max-width: 300px) 100vw, 300px\" \/><\/p>\n<p>Arrang\u00e9 par Marie Philippe, Jean Pierre Bonin, Jeff Lorber et Richard Perrotte<br \/>\nR\u00e9alis\u00e9 par Jean-Jacques Souplet<br \/>\nAssistance \u00e0 la r\u00e9alisation : Jean Pierre Bonin<br \/>\nMix\u00e9 par Jean Philippe au Studio Marcadet, Paris<br \/>\nRythmiques et claviers enregistr\u00e9s au Studio Vert, St-Ubalde, Qu\u00e9bec<br \/>\nVoix, guitares et <em>Pourquoi j&rsquo;ai fait \u00e7\u00e0<\/em> enregistr\u00e9s au Studio Victor \u00e0&nbsp; Montr\u00e9al<\/p>\n<p>Photos : HUNO (Martine Doyon, Raymonde Bergeron)<br \/>\nConception graphique : Shirley Boss\u00e9<br \/>\nConsultante graphique : Pauline Hamel<br \/>\nCoordination : Lucette Mercier<\/p>\n<p>Pour l&rsquo;enthousiasme, le talent, la patience et l&rsquo;humour, de Montr\u00e9al \u00e0&nbsp; Paris en passant par Los Angeles, un gros merci \u00e0&nbsp; tous.<\/p>\n<p>Marie Calamit\u00e9 \u00a9 1986 R.R.<\/p>\n<p>*Jeff Lorber appara\u00eet par courtoisie de Warner Brothers.<\/p>\n<p>\u00a91986 KENNEBEC MUSIQUE SDE ET JANVIER MUSIQUE CAPAC pour la SECONDE D\u00c9CADE LT\u00c9E<br \/>\nTous t\u00eetres MAPL \u00a9 1986 LAMCOZ PRODUCTION MLRF INC<\/p>\n","protected":false},"excerpt":{"rendered":"<p>Cr\u00e9dits Choeurs : Marie B\u00e9langer, Marie Philippe, Sharon Ryan Jean Pierre Bonin : synth\u00e9tiseurs, programmation dans Pourquoi j&rsquo;ai fait \u00e7\u00e0 et choeurs dans Terre Jeff Lorber : programmation, synth\u00e9tiseurs, guitare dans Save my Life Mario L\u00e9gar\u00e9 : stickbass dans Pourquoi &hellip; <a href=\"https:\/\/mariephilippe.ca\/?page_id=178\">Continuer la lecture <span class=\"meta-nav\">&rarr;<\/span><\/a><\/p>\n","protected":false},"author":1,"featured_media":1237,"parent":2,"menu_order":0,"comment_status":"open","ping_status":"closed","template":"page-albums.php","meta":{"ngg_post_thumbnail":0,"footnotes":""},"class_list":["post-178","page","type-page","status-publish","has-post-thumbnail","hentry"],"_links":{"self":[{"href":"https:\/\/mariephilippe.ca\/index.php?rest_route=\/wp\/v2\/pages\/178","targetHints":{"allow":["GET"]}}],"collection":[{"href":"https:\/\/mariephilippe.ca\/index.php?rest_route=\/wp\/v2\/pages"}],"about":[{"href":"https:\/\/mariephilippe.ca\/index.php?rest_route=\/wp\/v2\/types\/page"}],"author":[{"embeddable":true,"href":"https:\/\/mariephilippe.ca\/index.php?rest_route=\/wp\/v2\/users\/1"}],"replies":[{"embeddable":true,"href":"https:\/\/mariephilippe.ca\/index.php?rest_route=%2Fwp%2Fv2%2Fcomments&post=178"}],"version-history":[{"count":250,"href":"https:\/\/mariephilippe.ca\/index.php?rest_route=\/wp\/v2\/pages\/178\/revisions"}],"predecessor-version":[{"id":5657,"href":"https:\/\/mariephilippe.ca\/index.php?rest_route=\/wp\/v2\/pages\/178\/revisions\/5657"}],"up":[{"embeddable":true,"href":"https:\/\/mariephilippe.ca\/index.php?rest_route=\/wp\/v2\/pages\/2"}],"wp:featuredmedia":[{"embeddable":true,"href":"https:\/\/mariephilippe.ca\/index.php?rest_route=\/wp\/v2\/media\/1237"}],"wp:attachment":[{"href":"https:\/\/mariephilippe.ca\/index.php?rest_route=%2Fwp%2Fv2%2Fmedia&parent=178"}],"curies":[{"name":"wp","href":"https:\/\/api.w.org\/{rel}","templated":true}]}}