{"id":12,"date":"2011-03-11T11:33:20","date_gmt":"2011-03-11T15:33:20","guid":{"rendered":"http:\/\/www.mariephilippe.ca\/wp\/?page_id=12"},"modified":"2023-03-07T12:31:13","modified_gmt":"2023-03-07T16:31:13","slug":"arts-equestres","status":"publish","type":"page","link":"https:\/\/mariephilippe.ca\/?page_id=12","title":{"rendered":"Chevaux"},"content":{"rendered":"<p>Une page d&rsquo;\u00e9quitation sur un site de musique, c&rsquo;est pas un peu d\u00e9plac\u00e9? Euh&#8230; pas vraiment si on&nbsp;consid\u00e8re que l&rsquo;\u00e9curie est \u00e0 quinze pas de la fen\u00eatre panoramique du studio.<\/p>\n<p>Enfant,je passais des journ\u00e9es \u00e0 m\u2019imaginer \u00eatre cheval. D\u2019ailleurs, je courais comme un cheval au galop. \u00c0 27 ans, j\u2019ai eu mon premier cheval, A\u00efcha, qui m\u2019avait \u00e9t\u00e9 donn\u00e9e par Christianne Rolland, une des meilleures cavali\u00e8res que j\u2019ai connues.<\/p>\n<p>Les animaux lisent nos vibrations et je dirais m\u00eame (apr\u00e8s plus de 45 ans d\u2019exp\u00e9rience avec des chevaux de tous \u00e2ges, de tous genres, de tous les niveaux et de difficult\u00e9 et de dang\u00e9rosit\u00e9), j\u2019en suis venue \u00e0 penser qu\u2019ils lisent l\u2019image qui se cr\u00e9e dans notre t\u00eate, peu importe la langue avec laquelle on s\u2019exprime.. Et plus ils ont \u00e9t\u00e9 confront\u00e9s \u00e0 la violence (humaine), plus leurs antennes sont ouvertes, ils peuvent nous lire et de tr\u00e8s loin. Il ne faut jamais oublier qu\u2019ils sont des victimes (proies) et non des pr\u00e9dateurs. Heureusement, ils ne sont pas rancuniers comme nous et quand ils se sentent en confiance, ils donneraient leur vie pour nous prot\u00e9ger.<\/p>\n<p>Le but est aussi d\u2019\u00e9tablir la communication avec de plus en plus de finesse dans nos demandes. Cela peut m\u00eame aller jusqu\u2019\u00e0 utiliser seulement la pens\u00e9e. Ferdinand Hemfling parle des moines des croisades qui disaient \u00ab qu\u2019ils ne travaillaient pas avec les chevaux, ils m\u00e9ditaient avec eux&#8230; \u00bb.<\/p>\n<p>J\u2019ai 2 chevaux: Pharazon, qui a maintenant 26 ans et qui est avec moi depuis 23 ans, et Balzac, qui m\u2019a \u00e9t\u00e9 donn\u00e9 par un de mes amis qui l\u2019avait achet\u00e9 d\u2019un abattoir parce qu\u2019il \u00e9tait dangereux. Aujourd\u2019hui il a plus 20 ans, il est avec moi depuis 17 ans et est maintenant un cheval doux et g\u00e9n\u00e9reux.<\/p>\n<p>\u00c7a fait maintenant plus de 40 ans que je m\u2019int\u00e9resse aux nouvelles approches, \u00e0 commencer par celles de Linda Tellington Jones, Ferdinand Hemfling, Mia Likke Nielsen, Warwick Chillers, Rian Rose, Steven Young, etc&#8230; Et sur la communication animale: Anna Evans, Laila De Monte, Of\u00e9elie Pla\u00e0, etc&#8230; Vive l\u2019internet!<\/p>\n<p>Les chevaux nous apprennent plus sur nous que nous sur eux&#8230;<\/p>\n","protected":false},"excerpt":{"rendered":"<p>Une page d&rsquo;\u00e9quitation sur un site de musique, c&rsquo;est pas un peu d\u00e9plac\u00e9? Euh&#8230; pas vraiment si on&nbsp;consid\u00e8re que l&rsquo;\u00e9curie est \u00e0 quinze pas de la fen\u00eatre panoramique du studio. Enfant,je passais des journ\u00e9es \u00e0 m\u2019imaginer \u00eatre cheval. D\u2019ailleurs, je &hellip; <a href=\"https:\/\/mariephilippe.ca\/?page_id=12\">Continuer la lecture <span class=\"meta-nav\">&rarr;<\/span><\/a><\/p>\n","protected":false},"author":1,"featured_media":803,"parent":0,"menu_order":0,"comment_status":"open","ping_status":"closed","template":"","meta":{"ngg_post_thumbnail":0,"footnotes":""},"class_list":["post-12","page","type-page","status-publish","has-post-thumbnail","hentry"],"_links":{"self":[{"href":"https:\/\/mariephilippe.ca\/index.php?rest_route=\/wp\/v2\/pages\/12","targetHints":{"allow":["GET"]}}],"collection":[{"href":"https:\/\/mariephilippe.ca\/index.php?rest_route=\/wp\/v2\/pages"}],"about":[{"href":"https:\/\/mariephilippe.ca\/index.php?rest_route=\/wp\/v2\/types\/page"}],"author":[{"embeddable":true,"href":"https:\/\/mariephilippe.ca\/index.php?rest_route=\/wp\/v2\/users\/1"}],"replies":[{"embeddable":true,"href":"https:\/\/mariephilippe.ca\/index.php?rest_route=%2Fwp%2Fv2%2Fcomments&post=12"}],"version-history":[{"count":126,"href":"https:\/\/mariephilippe.ca\/index.php?rest_route=\/wp\/v2\/pages\/12\/revisions"}],"predecessor-version":[{"id":5934,"href":"https:\/\/mariephilippe.ca\/index.php?rest_route=\/wp\/v2\/pages\/12\/revisions\/5934"}],"wp:featuredmedia":[{"embeddable":true,"href":"https:\/\/mariephilippe.ca\/index.php?rest_route=\/wp\/v2\/media\/803"}],"wp:attachment":[{"href":"https:\/\/mariephilippe.ca\/index.php?rest_route=%2Fwp%2Fv2%2Fmedia&parent=12"}],"curies":[{"name":"wp","href":"https:\/\/api.w.org\/{rel}","templated":true}]}}