{"id":183,"date":"2011-03-02T15:38:20","date_gmt":"2011-03-02T15:38:20","guid":{"rendered":"http:\/\/mariephilippe.ca\/wp\/?page_id=183"},"modified":"2020-01-04T19:12:58","modified_gmt":"2020-01-04T23:12:58","slug":"marie-philippe-iii-jamais-trop-de-tendresse","status":"publish","type":"page","link":"http:\/\/mariephilippe.ca\/?page_id=183","title":{"rendered":"Marie Philippe III <em>Jamais trop de tendresse<\/em> (1993)"},"content":{"rendered":"<p><img loading=\"lazy\" decoding=\"async\" class=\"alignleft size-medium wp-image-853\" title=\"cover_3\" src=\"http:\/\/mariephilippe.ca\/wp\/wp-content\/uploads\/2011\/03\/cover_3-300x295.jpg\" alt=\"\" width=\"300\" height=\"295\" srcset=\"http:\/\/mariephilippe.ca\/wp\/wp-content\/uploads\/2011\/03\/cover_3-300x295.jpg 300w, http:\/\/mariephilippe.ca\/wp\/wp-content\/uploads\/2011\/03\/cover_3-1024x1009.jpg 1024w, http:\/\/mariephilippe.ca\/wp\/wp-content\/uploads\/2011\/03\/cover_3.jpg 1432w\" sizes=\"auto, (max-width: 300px) 100vw, 300px\" \/><strong>Cr\u00e9dits<\/strong><\/p>\n<p>R\u00e9alis\u00e9 par Marie Philippe et Jean Pierre Bonin, arrang\u00e9 par Marie Philippe et tous les musiciens et choristes. Basse: Rhonda Smith; Batterie, percussions: Richard Perrotte; Choeurs: Monique Paiement, Sharon Ryan, Marie Philippe; Guitares \u00e9lectriques et acoustiques: R\u00e9jean Lachance; Guitares acoustiques et \u00e9lectriques: Marc Fleury; Guitare \u00e9lectrique dans <em>Laisse-moi t&rsquo;aimer<\/em>: Jean Pierre Bonin; Piano acoustique, \u00e9lectrique, clavinet et synth\u00e9tiseurs: Denis Larochelle; Synth\u00e9tiseurs: Marie Philippe; Orgue: Kenny Pearson; Interventions dramatiques: Louise Lapar\u00e9 et Gaston Lepage, ainsi que Hugo Bonin et F\u00e9lix Hamel-Perrotte dans <em>Je veux rentrer<\/em>; le choeur gospel L&rsquo;Unit\u00e9 de Montr\u00e9al a \u00e9t\u00e9 enregistr\u00e9 au Studio St-Charles; l&rsquo;orgue au Studio Karisma et au studio de Steve Kravac.<\/p>\n<p><img loading=\"lazy\" decoding=\"async\" class=\"alignright size-medium wp-image-852\" title=\"back_3\" src=\"http:\/\/mariephilippe.ca\/wp\/wp-content\/uploads\/2011\/03\/back_3-300x294.jpg\" alt=\"\" width=\"300\" height=\"294\" srcset=\"http:\/\/mariephilippe.ca\/wp\/wp-content\/uploads\/2011\/03\/back_3-300x294.jpg 300w, http:\/\/mariephilippe.ca\/wp\/wp-content\/uploads\/2011\/03\/back_3-1024x1006.jpg 1024w, http:\/\/mariephilippe.ca\/wp\/wp-content\/uploads\/2011\/03\/back_3.jpg 1436w\" sizes=\"auto, (max-width: 300px) 100vw, 300px\" \/><\/p>\n<p>Enregistr\u00e9 au Th\u00e9\u00e2tre du Gesu les 31 ao\u00fbt, 1er et 2 septembre 1993 par le mobile Karisma Recording; ing\u00e9nieur: Luc Papineau; assistant: Paul Dobrowsky; sonorisation de sc\u00e8ne: Andr\u00e9 Corbeil; overdubs enregistr\u00e9s chez Marie Philippe ainsi que chez Denis Larochelle et R\u00e9jean Lachance; mix\u00e9 chez Marie Philippe, dans le mobile de Karisma Recording, entre le 15 et le 30 septembre 1993; ing\u00e9nieur: Luc Papineau; assistant: Paul Dobrowski; photos: Yves Renaud; graphiste: Roch Larochelle; coordination: Lucette Mercier; r\u00e9gie: Gilles Boulet. Remerciements sp\u00e9ciaux \u00e0&nbsp; Mich\u00e8le Bonin pour ses pr\u00e9cieux conseils sur les textes; \u00e0&nbsp;Yves Savoie pour sa cage de verre; \u00e0&nbsp; Simon No\u00ebl et toute l&rsquo;\u00e9quipe du Gesu; \u00e0&nbsp; Brian et Fran\u00e7oise de La Bo\u00eete \u00e0 Musique; \u00e0&nbsp; tout le monde chez Madrigal. Merci \u00e0&nbsp;Richard Perrotte et Denis Larochelle pour leur implication au niveau des arrangements; merci \u00e0 R\u00e9jhan Rancourt et \u00e0&nbsp; Lucette Mercier pour leur enthousiasme, et un merci tout sp\u00e9cial \u00e0&nbsp; R\u00e9jhan Rancourt pour ses suggestions dans les textes.<br \/>\nTerra.<\/p>\n","protected":false},"excerpt":{"rendered":"<p>Cr\u00e9dits R\u00e9alis\u00e9 par Marie Philippe et Jean Pierre Bonin, arrang\u00e9 par Marie Philippe et tous les musiciens et choristes. Basse: Rhonda Smith; Batterie, percussions: Richard Perrotte; Choeurs: Monique Paiement, Sharon Ryan, Marie Philippe; Guitares \u00e9lectriques et acoustiques: R\u00e9jean Lachance; Guitares &hellip; <a href=\"http:\/\/mariephilippe.ca\/?page_id=183\">Continuer la lecture <span class=\"meta-nav\">&rarr;<\/span><\/a><\/p>\n","protected":false},"author":1,"featured_media":1261,"parent":2,"menu_order":0,"comment_status":"open","ping_status":"closed","template":"page-albums.php","meta":{"ngg_post_thumbnail":0,"footnotes":""},"class_list":["post-183","page","type-page","status-publish","has-post-thumbnail","hentry"],"_links":{"self":[{"href":"http:\/\/mariephilippe.ca\/index.php?rest_route=\/wp\/v2\/pages\/183","targetHints":{"allow":["GET"]}}],"collection":[{"href":"http:\/\/mariephilippe.ca\/index.php?rest_route=\/wp\/v2\/pages"}],"about":[{"href":"http:\/\/mariephilippe.ca\/index.php?rest_route=\/wp\/v2\/types\/page"}],"author":[{"embeddable":true,"href":"http:\/\/mariephilippe.ca\/index.php?rest_route=\/wp\/v2\/users\/1"}],"replies":[{"embeddable":true,"href":"http:\/\/mariephilippe.ca\/index.php?rest_route=%2Fwp%2Fv2%2Fcomments&post=183"}],"version-history":[{"count":275,"href":"http:\/\/mariephilippe.ca\/index.php?rest_route=\/wp\/v2\/pages\/183\/revisions"}],"predecessor-version":[{"id":5659,"href":"http:\/\/mariephilippe.ca\/index.php?rest_route=\/wp\/v2\/pages\/183\/revisions\/5659"}],"up":[{"embeddable":true,"href":"http:\/\/mariephilippe.ca\/index.php?rest_route=\/wp\/v2\/pages\/2"}],"wp:featuredmedia":[{"embeddable":true,"href":"http:\/\/mariephilippe.ca\/index.php?rest_route=\/wp\/v2\/media\/1261"}],"wp:attachment":[{"href":"http:\/\/mariephilippe.ca\/index.php?rest_route=%2Fwp%2Fv2%2Fmedia&parent=183"}],"curies":[{"name":"wp","href":"https:\/\/api.w.org\/{rel}","templated":true}]}}